{"id":79,"date":"2020-07-26T10:55:52","date_gmt":"2020-07-26T10:55:52","guid":{"rendered":"http:\/\/altes-verwalterhaus.de\/?page_id=79"},"modified":"2022-08-30T18:10:04","modified_gmt":"2022-08-30T18:10:04","slug":"kultur-und-gastronomie","status":"publish","type":"page","link":"https:\/\/altes-verwalterhaus.de\/?page_id=79","title":{"rendered":"Kultur und Gastronomie"},"content":{"rendered":"\n<p>Eine kleine Auswahl interessanter Orte in der Umgebung. Nat\u00fcrlich gibt es in der Stadt Neubrandenburg oder in Neustrelitz viele Restaurants, die wir nicht extra auff\u00fchren. Diese hier liegen in 10 &#8211; 15 Autominuten Entfernung und sind daher f\u00fcr einen spontanen Besuch geeignet. Mit einem Klick auf die Markierungen bekommt Ihr Links zu den jeweiligen Webseiten und Informationen. Die Karte kann man rein- und rauszoomen und auch verschieben, um sich Details anzusehen.<\/p>\n\n\n\n<p><strong>\t\t\t\t<div id=\"wp_mapit_TlB0hpPf1G\" class=\"wp_mapit_multipin_map\" data-lat=\"53.580276818873\" data-lng=\"13.002319335938\" data-zoom=\"9\" data-type=\"normal\" data-marker=\"https:\/\/altes-verwalterhaus.de\/wp-content\/plugins\/wp-mapit\/wp_mapit\/images\/map-pin.png\" data-width=\"100\" data-width-type=\"per\" data-height=\"300\" data-height-type=\"px\" data-pins=\"[{&quot;lat&quot;:&quot;53.50687125&quot;,&quot;lng&quot;:&quot;13.0886495005981&quot;,&quot;marker_image&quot;:&quot;https:\\\/\\\/altes-verwalterhaus.de\\\/wp-content\\\/uploads\\\/2020\\\/07\\\/red_pin.png&quot;,&quot;marker_title&quot;:&quot;Alte Burg Penzlin&quot;,&quot;marker_content&quot;:&quot;&lt;a href=\\&quot;https:\\\/\\\/www.burgrestaurant-penzlin.de\\&quot; target=\\&quot;_blank\\&quot;&gt;Burgrestaurant&lt;\\\/a&gt;\\r\\n\\r\\n&lt;a href=\\&quot;http:\\\/\\\/alte-burg.amt-penzliner-land.de\\&quot; target=\\&quot;_blank\\&quot;&gt;\\r\\nMuseum&lt;\\\/a&gt;&quot;,&quot;marker_url&quot;:&quot;&quot;},{&quot;lat&quot;:&quot;53.51486615&quot;,&quot;lng&quot;:&quot;12.683245655511&quot;,&quot;marker_image&quot;:&quot;https:\\\/\\\/altes-verwalterhaus.de\\\/wp-content\\\/uploads\\\/2020\\\/07\\\/green__pin.png&quot;,&quot;marker_title&quot;:&quot;M\\u00fcritzeum&quot;,&quot;marker_content&quot;:&quot;&lt;a href=\\&quot;https:\\\/\\\/www.mueritzeum.de\\\/\\&quot; target=\\&quot;_blank\\&quot;&gt;M\\u00fcritzeum&lt;\\\/a&gt;&quot;,&quot;marker_url&quot;:&quot;&quot;},{&quot;lat&quot;:&quot;53.5933517210857&quot;,&quot;lng&quot;:&quot;13.0486685164901&quot;,&quot;marker_image&quot;:&quot;https:\\\/\\\/altes-verwalterhaus.de\\\/wp-content\\\/uploads\\\/2020\\\/07\\\/yellow_pin.png&quot;,&quot;marker_title&quot;:&quot;Kulturscheune Buchholz&quot;,&quot;marker_content&quot;:&quot;Verschiedenen Veranstaltungen: Puppentheater, Konzerte, Lagerfeuer, ...&quot;,&quot;marker_url&quot;:&quot;&quot;},{&quot;lat&quot;:&quot;53.6223703&quot;,&quot;lng&quot;:&quot;12.9015733852225&quot;,&quot;marker_image&quot;:&quot;https:\\\/\\\/altes-verwalterhaus.de\\\/wp-content\\\/uploads\\\/2020\\\/07\\\/blue_pin.png&quot;,&quot;marker_title&quot;:&quot;Schloss Kittendorf&quot;,&quot;marker_content&quot;:&quot;&lt;a href=\\&quot;https:\\\/\\\/schloss-kittendorf.com\\\/\\&quot; target=\\&quot;_blank\\&quot;&gt;Schlosshotel \\\/ Restaurant&lt;\\\/a&gt;&quot;,&quot;marker_url&quot;:&quot;&quot;},{&quot;lat&quot;:&quot;53.5600069&quot;,&quot;lng&quot;:&quot;13.2609554&quot;,&quot;marker_image&quot;:&quot;https:\\\/\\\/altes-verwalterhaus.de\\\/wp-content\\\/uploads\\\/2020\\\/07\\\/light_green_pin.png&quot;,&quot;marker_title&quot;:&quot;Regionalmuseum Neubrandenburg&quot;,&quot;marker_content&quot;:&quot;&lt;a href=\\&quot;https:\\\/\\\/www.museum-neubrandenburg.de\\\/\\&quot; target=\\&quot;_blank\\&quot;&gt;Historisches Museum im alten Kloster&lt;\\\/a&gt;&quot;,&quot;marker_url&quot;:&quot;&quot;},{&quot;lat&quot;:&quot;53.6273667747475&quot;,&quot;lng&quot;:&quot;13.0363253004612&quot;,&quot;marker_image&quot;:&quot;https:\\\/\\\/altes-verwalterhaus.de\\\/wp-content\\\/uploads\\\/2020\\\/07\\\/light_blue_pin.png&quot;,&quot;marker_title&quot;:&quot;Eiscafe Rosenow&quot;,&quot;marker_content&quot;:&quot;g\\u00fcnstiges und sehr leckeres Eis und Softeis&quot;,&quot;marker_url&quot;:&quot;&quot;}]\"><\/div>\n\t\t\t<\/strong><\/p>\n\n\n\n<p><strong>Blau<\/strong>: Schloss Kittendorf, Hotelrestaurant<br><strong>Rot<\/strong>: Burgrestaurant und Museum Penzlin<br><strong>Hellblau<\/strong>: Eiscafe Rosenow<\/p>\n\n\n\n<p><strong>Gr\u00fcn<\/strong>: M\u00fcritzeum, &#8222;Haus der 1000 Seen&#8220;: Aquarium, Restaurant und Ausstellungen<br><strong>Gelb<\/strong>: Kulturscheune direkt im Dorf (Puppentheater, Konzerte, &#8230;)<a href=\"http:\/\/www.maskotte.de\/\" data-type=\"URL\" data-id=\"http:\/\/www.maskotte.de\/\"> http:\/\/www.maskotte.de\/<\/a><br><strong>Hellgr\u00fcn<\/strong>: neugestaltetes Regionalmuseum im alten Kloster<\/p>\n","protected":false},"excerpt":{"rendered":"<p>Eine kleine Auswahl interessanter Orte in der Umgebung. Nat\u00fcrlich gibt es in der Stadt Neubrandenburg oder in Neustrelitz viele Restaurants, die wir nicht extra auff\u00fchren. Diese hier liegen in 10 &#8211; 15 Autominuten Entfernung und sind daher f\u00fcr einen spontanen Besuch geeignet. Mit einem Klick auf die Markierungen bekommt Ihr Links zu den jeweiligen Webseiten <a class=\"read-more\" href=\"https:\/\/altes-verwalterhaus.de\/?page_id=79\">READ MORE<\/a><\/p>\n","protected":false},"author":1,"featured_media":0,"parent":0,"menu_order":0,"comment_status":"closed","ping_status":"closed","template":"","meta":{"footnotes":""},"class_list":["post-79","page","type-page","status-publish","hentry"],"_links":{"self":[{"href":"https:\/\/altes-verwalterhaus.de\/index.php?rest_route=\/wp\/v2\/pages\/79","targetHints":{"allow":["GET"]}}],"collection":[{"href":"https:\/\/altes-verwalterhaus.de\/index.php?rest_route=\/wp\/v2\/pages"}],"about":[{"href":"https:\/\/altes-verwalterhaus.de\/index.php?rest_route=\/wp\/v2\/types\/page"}],"author":[{"embeddable":true,"href":"https:\/\/altes-verwalterhaus.de\/index.php?rest_route=\/wp\/v2\/users\/1"}],"replies":[{"embeddable":true,"href":"https:\/\/altes-verwalterhaus.de\/index.php?rest_route=%2Fwp%2Fv2%2Fcomments&post=79"}],"version-history":[{"count":6,"href":"https:\/\/altes-verwalterhaus.de\/index.php?rest_route=\/wp\/v2\/pages\/79\/revisions"}],"predecessor-version":[{"id":228,"href":"https:\/\/altes-verwalterhaus.de\/index.php?rest_route=\/wp\/v2\/pages\/79\/revisions\/228"}],"wp:attachment":[{"href":"https:\/\/altes-verwalterhaus.de\/index.php?rest_route=%2Fwp%2Fv2%2Fmedia&parent=79"}],"curies":[{"name":"wp","href":"https:\/\/api.w.org\/{rel}","templated":true}]}}