{"id":54,"date":"2020-07-25T12:01:44","date_gmt":"2020-07-25T12:01:44","guid":{"rendered":"http:\/\/altes-verwalterhaus.de\/?page_id=54"},"modified":"2023-06-10T10:13:28","modified_gmt":"2023-06-10T10:13:28","slug":"einige-schoene-badestellen","status":"publish","type":"page","link":"https:\/\/altes-verwalterhaus.de\/?page_id=54","title":{"rendered":"einige sch\u00f6ne Badestellen"},"content":{"rendered":"\n<p>Eigentlich kann man hier fast \u00fcberall baden. Einige Stellen m\u00f6chten wir hier empfehlen. Die Karte kann man rein- und rauszoomen und auch verschieben, um sich Details anzusehen. Das &#8222;alte Verwalterhaus&#8220; findet sich an der Position mit dem &#8222;Haus-Symbol&#8220;. Mit einem Klick auf die Markierungen bekommt Ihr Informationen.<\/p>\n\n\n\n<p><strong>\t\t\t\t<div id=\"wp_mapit_Ffu7Ug6HLM\" class=\"wp_mapit_multipin_map\" data-lat=\"53.546019621909\" data-lng=\"13.025665283203\" data-zoom=\"10\" data-type=\"normal\" data-marker=\"https:\/\/altes-verwalterhaus.de\/wp-content\/plugins\/wp-mapit\/wp_mapit\/images\/map-pin.png\" data-width=\"100\" data-width-type=\"per\" data-height=\"300\" data-height-type=\"px\" data-pins=\"[{&quot;lat&quot;:&quot;53.5292246&quot;,&quot;lng&quot;:&quot;13.0786056084049&quot;,&quot;marker_image&quot;:&quot;https:\\\/\\\/altes-verwalterhaus.de\\\/wp-content\\\/uploads\\\/2020\\\/07\\\/yellow_pin.png&quot;,&quot;marker_title&quot;:&quot;Zieskensee&quot;,&quot;marker_content&quot;:&quot;sehr klares Wasser, gro\\u00dfe Liegewiese&quot;,&quot;marker_url&quot;:&quot;&quot;},{&quot;lat&quot;:&quot;53.5885183&quot;,&quot;lng&quot;:&quot;13.0361674489094&quot;,&quot;marker_image&quot;:&quot;https:\\\/\\\/altes-verwalterhaus.de\\\/wp-content\\\/uploads\\\/2020\\\/07\\\/green__pin.png&quot;,&quot;marker_title&quot;:&quot;Schwandter See&quot;,&quot;marker_content&quot;:&quot;etwas moorig - gute gepr\\u00fcfte Wasserqualit\\u00e4t, Badesteg mit Leiter&quot;,&quot;marker_url&quot;:&quot;&quot;},{&quot;lat&quot;:&quot;53.4749681&quot;,&quot;lng&quot;:&quot;12.9337592942291&quot;,&quot;marker_image&quot;:&quot;https:\\\/\\\/altes-verwalterhaus.de\\\/wp-content\\\/uploads\\\/2020\\\/07\\\/blue_pin.png&quot;,&quot;marker_title&quot;:&quot;M\\u00fchlensee \\\/ Havelquelle&quot;,&quot;marker_content&quot;:&quot;super Steg, tiefer See am Rand des Nationalparks\\r\\nHavelquelle&quot;,&quot;marker_url&quot;:&quot;&quot;},{&quot;lat&quot;:&quot;53.5917308&quot;,&quot;lng&quot;:&quot;13.0458416&quot;,&quot;marker_image&quot;:&quot;https:\\\/\\\/altes-verwalterhaus.de\\\/wp-content\\\/uploads\\\/2020\\\/07\\\/verwalter.ico&quot;,&quot;marker_title&quot;:&quot;altes Verwalterhaus&quot;,&quot;marker_content&quot;:&quot;hier zeltet Ihr&quot;,&quot;marker_url&quot;:&quot;&quot;}]\"><\/div>\n\t\t\t<\/strong><\/p>\n\n\n\n<p><strong>Gr\u00fcne Markierung<\/strong>: Der Schwandter See ist unser &#8222;Hausgew\u00e4sser&#8220; (1km entfernt), die Badewasserqualit\u00e4t wird regelm\u00e4\u00dfig vom Amt kontrolliert und ist sehr gut. Da es ein See in einem moorigen Gebiet ist, ist das Wasser nicht sehr klar. Es gibt einen Badesteg mit Leiter und einen ausgewiesenen Nichtschwimmerbereich. die kleinen Badeg\u00e4ste k\u00f6nnen am Ufer auch etwas &#8222;buddeln&#8220;. Der Schwandter See ist Quellgew\u00e4sser der Peene.<\/p>\n\n\n\n<figure class=\"wp-block-gallery has-nested-images columns-default is-cropped wp-block-gallery-1 is-layout-flex wp-block-gallery-is-layout-flex\">\n<figure class=\"wp-block-image size-large\"><img loading=\"lazy\" decoding=\"async\" width=\"1024\" height=\"680\" data-id=\"173\" src=\"https:\/\/altes-verwalterhaus.de\/wp-content\/uploads\/2021\/06\/herbst_am_see-1024x680.jpg\" alt=\"\" class=\"wp-image-173\" srcset=\"https:\/\/altes-verwalterhaus.de\/wp-content\/uploads\/2021\/06\/herbst_am_see-1024x680.jpg 1024w, https:\/\/altes-verwalterhaus.de\/wp-content\/uploads\/2021\/06\/herbst_am_see-300x199.jpg 300w, https:\/\/altes-verwalterhaus.de\/wp-content\/uploads\/2021\/06\/herbst_am_see-768x510.jpg 768w, https:\/\/altes-verwalterhaus.de\/wp-content\/uploads\/2021\/06\/herbst_am_see.jpg 1200w\" sizes=\"auto, (max-width: 1024px) 100vw, 1024px\" \/><figcaption class=\"wp-element-caption\">Schwandter See<\/figcaption><\/figure>\n\n\n\n<figure class=\"wp-block-image size-large\"><img loading=\"lazy\" decoding=\"async\" width=\"768\" height=\"1024\" data-id=\"251\" src=\"https:\/\/altes-verwalterhaus.de\/wp-content\/uploads\/2023\/06\/IMG_386_k-768x1024.jpg\" alt=\"\" class=\"wp-image-251\" srcset=\"https:\/\/altes-verwalterhaus.de\/wp-content\/uploads\/2023\/06\/IMG_386_k-768x1024.jpg 768w, https:\/\/altes-verwalterhaus.de\/wp-content\/uploads\/2023\/06\/IMG_386_k-225x300.jpg 225w, https:\/\/altes-verwalterhaus.de\/wp-content\/uploads\/2023\/06\/IMG_386_k.jpg 900w\" sizes=\"auto, (max-width: 768px) 100vw, 768px\" \/><figcaption class=\"wp-element-caption\">Badestelle Schwandter See<\/figcaption><\/figure>\n<\/figure>\n\n\n\n<p><strong>Gelbe Markierung<\/strong>: Der Zieskensee ist sehr klar und hat eine sch\u00f6ne Liegewiese. Er befindet sich ca 5 Autominuten entfernt.<\/p>\n\n\n\n<p><strong>Blaue Markierung<\/strong>: Der M\u00fchlensee hat einen gro\u00dfen Badesteg und liegt am Rand des Nationalparks. Hier kann man auch die Havelquelle ansehen, die besonders gestaltet ist. Man ben\u00f6tigt mit dem Auto ca. 20min hierhin. <\/p>\n\n\n\n<p> <\/p>\n","protected":false},"excerpt":{"rendered":"<p>Eigentlich kann man hier fast \u00fcberall baden. Einige Stellen m\u00f6chten wir hier empfehlen. Die Karte kann man rein- und rauszoomen und auch verschieben, um sich Details anzusehen. Das &#8222;alte Verwalterhaus&#8220; findet sich an der Position mit dem &#8222;Haus-Symbol&#8220;. Mit einem Klick auf die Markierungen bekommt Ihr Informationen. Gr\u00fcne Markierung: Der Schwandter See ist unser &#8222;Hausgew\u00e4sser&#8220; <a class=\"read-more\" href=\"https:\/\/altes-verwalterhaus.de\/?page_id=54\">READ MORE<\/a><\/p>\n","protected":false},"author":1,"featured_media":0,"parent":0,"menu_order":0,"comment_status":"closed","ping_status":"closed","template":"","meta":{"footnotes":""},"class_list":["post-54","page","type-page","status-publish","hentry"],"_links":{"self":[{"href":"https:\/\/altes-verwalterhaus.de\/index.php?rest_route=\/wp\/v2\/pages\/54","targetHints":{"allow":["GET"]}}],"collection":[{"href":"https:\/\/altes-verwalterhaus.de\/index.php?rest_route=\/wp\/v2\/pages"}],"about":[{"href":"https:\/\/altes-verwalterhaus.de\/index.php?rest_route=\/wp\/v2\/types\/page"}],"author":[{"embeddable":true,"href":"https:\/\/altes-verwalterhaus.de\/index.php?rest_route=\/wp\/v2\/users\/1"}],"replies":[{"embeddable":true,"href":"https:\/\/altes-verwalterhaus.de\/index.php?rest_route=%2Fwp%2Fv2%2Fcomments&post=54"}],"version-history":[{"count":7,"href":"https:\/\/altes-verwalterhaus.de\/index.php?rest_route=\/wp\/v2\/pages\/54\/revisions"}],"predecessor-version":[{"id":252,"href":"https:\/\/altes-verwalterhaus.de\/index.php?rest_route=\/wp\/v2\/pages\/54\/revisions\/252"}],"wp:attachment":[{"href":"https:\/\/altes-verwalterhaus.de\/index.php?rest_route=%2Fwp%2Fv2%2Fmedia&parent=54"}],"curies":[{"name":"wp","href":"https:\/\/api.w.org\/{rel}","templated":true}]}}