{"id":39,"date":"2020-07-24T20:01:29","date_gmt":"2020-07-24T20:01:29","guid":{"rendered":"http:\/\/altes-verwalterhaus.de\/?page_id=39"},"modified":"2024-07-03T17:40:14","modified_gmt":"2024-07-03T17:40:14","slug":"kontakt","status":"publish","type":"page","link":"https:\/\/altes-verwalterhaus.de\/?page_id=39","title":{"rendered":"Kontakt \/ Buchungsanfrage"},"content":{"rendered":"\n<p>Wegen der begrenzten Anzahl Pl\u00e4tze meldet Euch bitte immer \u2013 gern auch kurzfristig und telefonisch \u2013 vorher an, wenn Ihr zu uns kommen wollt. Wir sind im Fall der F\u00e4lle auch Abends noch ansprechbar, wir sind vor Ort. <\/p>\n\n\n\n<p>Aus technischen Gr\u00fcnden k\u00f6nnt Ihr leider auf unserer Seite nicht sofort buchen. Wenn Ihr <strong>sofort buchen<\/strong> m\u00f6chtet, k\u00f6nnte Ihr das f\u00fcr die <strong>Camping M\u00f6glichkeiten auf <a rel=\"noreferrer noopener\" href=\"https:\/\/www.hinterland.camp\/unterkuenfte\/47\/zelten-am-alten-verwalterhaus\" target=\"_blank\">Hinterland.camp (Portal)<\/a>  tun. F\u00fcr den Forstwagen geht Ihr bitte auf  <a rel=\"noreferrer noopener\" href=\"https:\/\/www.hinterland.camp\/unterkuenfte\/645\" data-type=\"URL\" data-id=\"https:\/\/www.hinterland.camp\/unterkuenfte\/645\" target=\"_blank\">Forstwagen auf Hinterland.camp sofort buchen<\/a><\/strong>. Ansonsten <strong>schreibt uns<\/strong> gerne oder <strong>ruft an (039602-183096)<\/strong>, wir melden uns zur\u00fcck.<\/p>\n\n\n\n<div class=\"wpforms-container wpforms-container-full\" id=\"wpforms-38\"><form id=\"wpforms-form-38\" class=\"wpforms-validate wpforms-form\" data-formid=\"38\" method=\"post\" enctype=\"multipart\/form-data\" action=\"\/index.php?rest_route=%2Fwp%2Fv2%2Fpages%2F39\" data-token=\"e4fc114f502864d4581aa21d5488cbe8\" data-token-time=\"1777616635\"><noscript class=\"wpforms-error-noscript\">Bitte aktiviere JavaScript in deinem Browser, um dieses Formular fertigzustellen.<\/noscript><div class=\"wpforms-field-container\"><div id=\"wpforms-38-field_0-container\" class=\"wpforms-field wpforms-field-name\" data-field-id=\"0\"><label class=\"wpforms-field-label\">Name <span class=\"wpforms-required-label\">*<\/span><\/label><div class=\"wpforms-field-row wpforms-field-medium\"><div class=\"wpforms-field-row-block wpforms-first wpforms-one-half\"><input type=\"text\" id=\"wpforms-38-field_0\" class=\"wpforms-field-name-first wpforms-field-required\" name=\"wpforms[fields][0][first]\" required><label for=\"wpforms-38-field_0\" class=\"wpforms-field-sublabel after\">Vorname<\/label><\/div><div class=\"wpforms-field-row-block wpforms-one-half\"><input type=\"text\" id=\"wpforms-38-field_0-last\" class=\"wpforms-field-name-last wpforms-field-required\" name=\"wpforms[fields][0][last]\" required><label for=\"wpforms-38-field_0-last\" class=\"wpforms-field-sublabel after\">Nachname<\/label><\/div><\/div><\/div><div id=\"wpforms-38-field_1-container\" class=\"wpforms-field wpforms-field-email\" data-field-id=\"1\"><label class=\"wpforms-field-label\" for=\"wpforms-38-field_1\">E-Mail <span class=\"wpforms-required-label\">*<\/span><\/label><input type=\"email\" id=\"wpforms-38-field_1\" class=\"wpforms-field-medium wpforms-field-required\" name=\"wpforms[fields][1]\" spellcheck=\"false\" required><\/div><div id=\"wpforms-38-field_2-container\" class=\"wpforms-field wpforms-field-textarea\" data-field-id=\"2\"><label class=\"wpforms-field-label\" for=\"wpforms-38-field_2\">Kommentar oder Nachricht <span class=\"wpforms-required-label\">*<\/span><\/label><textarea id=\"wpforms-38-field_2\" class=\"wpforms-field-medium wpforms-field-required\" name=\"wpforms[fields][2]\" required><\/textarea><\/div><\/div><!-- .wpforms-field-container --><div class=\"wpforms-field wpforms-field-hp\"><label for=\"wpforms-38-field-hp\" class=\"wpforms-field-label\">Email<\/label><input type=\"text\" name=\"wpforms[hp]\" id=\"wpforms-38-field-hp\" class=\"wpforms-field-medium\"><\/div><div class=\"wpforms-submit-container\" ><input type=\"hidden\" name=\"wpforms[id]\" value=\"38\"><input type=\"hidden\" name=\"page_title\" value=\"\"><input type=\"hidden\" name=\"page_url\" value=\"https:\/\/altes-verwalterhaus.de\/index.php?rest_route=\/wp\/v2\/pages\/39\"><input type=\"hidden\" name=\"url_referer\" value=\"\"><button type=\"submit\" name=\"wpforms[submit]\" id=\"wpforms-submit-38\" class=\"wpforms-submit\" data-alt-text=\"Senden...\" data-submit-text=\"Absenden\" aria-live=\"assertive\" value=\"wpforms-submit\">Absenden<\/button><\/div><\/form><\/div>  <!-- .wpforms-container -->\n\n\n\n<p>Wer wissen m\u00f6chte, was der &#8222;alte Verwalter&#8220; noch so anstellt, schaut einfach mal bei <a rel=\"noreferrer noopener\" href=\"http:\/\/www.greyeagle.info\" data-type=\"URL\" data-id=\"www.greyeagle.info\" target=\"_blank\">www.greyeagle.info<\/a> vorbei.<\/p>\n","protected":false},"excerpt":{"rendered":"<p>Wegen der begrenzten Anzahl Pl\u00e4tze meldet Euch bitte immer \u2013 gern auch kurzfristig und telefonisch \u2013 vorher an, wenn Ihr zu uns kommen wollt. Wir sind im Fall der F\u00e4lle auch Abends noch ansprechbar, wir sind vor Ort. Aus technischen Gr\u00fcnden k\u00f6nnt Ihr leider auf unserer Seite nicht sofort buchen. Wenn Ihr sofort buchen m\u00f6chtet, <a class=\"read-more\" href=\"https:\/\/altes-verwalterhaus.de\/?page_id=39\">READ MORE<\/a><\/p>\n","protected":false},"author":1,"featured_media":0,"parent":0,"menu_order":3,"comment_status":"closed","ping_status":"closed","template":"","meta":{"footnotes":""},"class_list":["post-39","page","type-page","status-publish","hentry"],"_links":{"self":[{"href":"https:\/\/altes-verwalterhaus.de\/index.php?rest_route=\/wp\/v2\/pages\/39","targetHints":{"allow":["GET"]}}],"collection":[{"href":"https:\/\/altes-verwalterhaus.de\/index.php?rest_route=\/wp\/v2\/pages"}],"about":[{"href":"https:\/\/altes-verwalterhaus.de\/index.php?rest_route=\/wp\/v2\/types\/page"}],"author":[{"embeddable":true,"href":"https:\/\/altes-verwalterhaus.de\/index.php?rest_route=\/wp\/v2\/users\/1"}],"replies":[{"embeddable":true,"href":"https:\/\/altes-verwalterhaus.de\/index.php?rest_route=%2Fwp%2Fv2%2Fcomments&post=39"}],"version-history":[{"count":14,"href":"https:\/\/altes-verwalterhaus.de\/index.php?rest_route=\/wp\/v2\/pages\/39\/revisions"}],"predecessor-version":[{"id":292,"href":"https:\/\/altes-verwalterhaus.de\/index.php?rest_route=\/wp\/v2\/pages\/39\/revisions\/292"}],"wp:attachment":[{"href":"https:\/\/altes-verwalterhaus.de\/index.php?rest_route=%2Fwp%2Fv2%2Fmedia&parent=39"}],"curies":[{"name":"wp","href":"https:\/\/api.w.org\/{rel}","templated":true}]}}