{"id":35,"date":"2020-07-24T19:55:43","date_gmt":"2020-07-24T19:55:43","guid":{"rendered":"http:\/\/altes-verwalterhaus.de\/?page_id=35"},"modified":"2020-07-26T11:21:48","modified_gmt":"2020-07-26T11:21:48","slug":"impressum","status":"publish","type":"page","link":"https:\/\/altes-verwalterhaus.de\/?page_id=35","title":{"rendered":"Impressum"},"content":{"rendered":"\n<p>Verantwortlich:<br>Lars Fricke<br>Dorfstr. 6a<br>17091 M\u00f6lln<br>039602-183096<br>E-Mail bitte per Kontaktformular.<\/p>\n\n\n\n<p><\/p>\n\n\n\n<p>Der Mikro-Campingplatz &#8222;Altes Verwalterhaus&#8220; ist kein Campingplatz im Sinne der &#8220; Verordnung \u00fcber Camping- und Wochenendpl\u00e4tze (CWVO)&#8220;. Es werden generell nicht mehr als 3 Zelte aufgestellt. Der Mikro-Campingplatz ist ein privater Garten, der \u00e4hnlich wie eine Ferienwohnung an Ferieng\u00e4ste vermietet wird. Selbstverst\u00e4ndlich werden dabei hygienische Standards eingehalten, indem ein Bad mit Toilette ebenso wie ein Abwaschbereich bereitgestellt wird. Es handelt sich bei dem Mikro-Campingplatz &#8222;Altes Verwalterhaus&#8220; nicht um ein gewerbliches Angebot im Sinne von \u00a714 AO.<\/p>\n\n\n\n<h2 class=\"wp-block-heading\">Datenschutz<\/h2>\n\n\n\n<p>Alle \u00fcbermittelten Kontaktdaten dienen lediglich der Abwicklung von Buchungen. Sie werden nicht f\u00fcr andere Aufgaben an Dritte weitergegeben. Unsere Dienstleister f\u00fcr die Webseite und den Mailverkehr sind die Strato AG und die 1&amp;1 Telecommunication SE. <\/p>\n","protected":false},"excerpt":{"rendered":"<p>Verantwortlich:Lars FrickeDorfstr. 6a17091 M\u00f6lln039602-183096E-Mail bitte per Kontaktformular. Der Mikro-Campingplatz &#8222;Altes Verwalterhaus&#8220; ist kein Campingplatz im Sinne der &#8220; Verordnung \u00fcber Camping- und Wochenendpl\u00e4tze (CWVO)&#8220;. Es werden generell nicht mehr als 3 Zelte aufgestellt. Der Mikro-Campingplatz ist ein privater Garten, der \u00e4hnlich wie eine Ferienwohnung an Ferieng\u00e4ste vermietet wird. Selbstverst\u00e4ndlich werden dabei hygienische Standards eingehalten, indem <a class=\"read-more\" href=\"https:\/\/altes-verwalterhaus.de\/?page_id=35\">READ MORE<\/a><\/p>\n","protected":false},"author":1,"featured_media":0,"parent":0,"menu_order":4,"comment_status":"closed","ping_status":"closed","template":"","meta":{"footnotes":""},"class_list":["post-35","page","type-page","status-publish","hentry"],"_links":{"self":[{"href":"https:\/\/altes-verwalterhaus.de\/index.php?rest_route=\/wp\/v2\/pages\/35","targetHints":{"allow":["GET"]}}],"collection":[{"href":"https:\/\/altes-verwalterhaus.de\/index.php?rest_route=\/wp\/v2\/pages"}],"about":[{"href":"https:\/\/altes-verwalterhaus.de\/index.php?rest_route=\/wp\/v2\/types\/page"}],"author":[{"embeddable":true,"href":"https:\/\/altes-verwalterhaus.de\/index.php?rest_route=\/wp\/v2\/users\/1"}],"replies":[{"embeddable":true,"href":"https:\/\/altes-verwalterhaus.de\/index.php?rest_route=%2Fwp%2Fv2%2Fcomments&post=35"}],"version-history":[{"count":3,"href":"https:\/\/altes-verwalterhaus.de\/index.php?rest_route=\/wp\/v2\/pages\/35\/revisions"}],"predecessor-version":[{"id":94,"href":"https:\/\/altes-verwalterhaus.de\/index.php?rest_route=\/wp\/v2\/pages\/35\/revisions\/94"}],"wp:attachment":[{"href":"https:\/\/altes-verwalterhaus.de\/index.php?rest_route=%2Fwp%2Fv2%2Fmedia&parent=35"}],"curies":[{"name":"wp","href":"https:\/\/api.w.org\/{rel}","templated":true}]}}