{"id":24,"date":"2020-07-24T17:44:05","date_gmt":"2020-07-24T17:44:05","guid":{"rendered":"http:\/\/altes-verwalterhaus.de\/?page_id=24"},"modified":"2025-06-16T13:36:34","modified_gmt":"2025-06-16T13:36:34","slug":"ausstattung","status":"publish","type":"page","link":"https:\/\/altes-verwalterhaus.de\/?page_id=24","title":{"rendered":"Ausstattung \/ Preise"},"content":{"rendered":"\n<p>24 Stunden Zugang zu: Sommerk\u00fcche, Bad, Absp\u00fclbereich, K\u00fchlschrankfach, Waschmaschine (kleine Geb\u00fchr), Trockner (kleine Geb\u00fchr), kostenloser Parkplatz auf dem Grundst\u00fcck (1 PKW), kostenloser Parkplatz auf der Stra\u00dfe (1 PKW), Grill, Kinderb\u00fccher und Spielzeug, Hochstuhl (auf Anfrage), Feuerl\u00f6scher, B\u00fccher und Landkarten, Getr\u00e4nke (gegen kleinen Obolus). Wir meinen: F\u00fcr einen individuellen Platz ohne viele Leute und daf\u00fcr mit viel Ruhe sind unsere Preise g\u00fcnstig und fair. Feuerholz f\u00fcr Lagerfeuer oder zum Kochen schenken wir Euch \ud83d\ude09<br>Leider ist unser Platz nicht f\u00fcr Menschen mit Gehbehinderung geeignet. Es gibt zum Bad bzw. Hauswirtschaftsraum eine relativ steile Treppe und der Zugang hat zus\u00e4tzlich eine hohe Stufe nach innen. Das ist baulich leider nicht anders m\u00f6glich, es tut uns wirklich leid.<\/p>\n\n\n\n<h2 class=\"wp-block-heading\">Preise<\/h2>\n\n\n\n<ul class=\"wp-block-list has-black-color has-text-color\">\n<li>\u00dcbernachtung mit Zelt:\n<ul class=\"wp-block-list\">\n<li>1 Zelt mit einer Person: 14\u20ac<\/li>\n\n\n\n<li>jede weitere Person im Zelt: 5\u20ac<\/li>\n\n\n\n<li>Kinder bis 6 Jahre frei<\/li>\n<\/ul>\n<\/li>\n\n\n\n<li>\u00dcbernachtung im Forstwagen\n<ul class=\"wp-block-list\">\n<li>ganzer Wagen (bis zu zwei Personen, mehr passen nicht rein): 35\u20ac<\/li>\n\n\n\n<li>Endreinigung: 8\u20ac<\/li>\n\n\n\n<li>Bettw\u00e4sche pro Person(optional): 5\u20ac<\/li>\n<\/ul>\n<\/li>\n\n\n\n<li>\u00dcbernachtung mit Wohnwagen oder WoMo\n<ul class=\"wp-block-list\">\n<li>bis zu zwei Personen: 19\u20ac<\/li>\n\n\n\n<li>jede weitere Person im Wagen: 5\u20ac<\/li>\n\n\n\n<li>Kinder bis 6 Jahre frei<\/li>\n<\/ul>\n<\/li>\n\n\n\n<li>Elektrisches Kochen\n<ul class=\"wp-block-list\">\n<li>bis zwei Tage: 2\u20ac<\/li>\n\n\n\n<li>pro Woche: 5\u20ac<\/li>\n<\/ul>\n<\/li>\n\n\n\n<li>Strom f\u00fcr Campingfahrzeug:\n<ul class=\"wp-block-list\">\n<li>pro Woche: 8\u20ac<\/li>\n<\/ul>\n<\/li>\n\n\n\n<li>Kochen mit Holz\/Wasserkocher\/Duschen\/Handy laden inklusive<\/li>\n\n\n\n<li>Preise f\u00fcr Waschen\/W\u00e4schetrockner\/Getr\u00e4nke nach Aushang vor Ort.<\/li>\n<\/ul>\n\n\n<style type=\"text\/css\">\r\n\r\n    .as-panels .as-panel .text-block {\r\n      position: absolute;\r\n      left: 30px;\r\n      bottom: 30px;\r\n      max-width: 400px;\r\n      padding: 20px;\r\n      border-radius: 5px;\r\n      background-color: rgba(0, 0, 0, 0.6);\r\n      color: #fff;\r\n      z-index: 4;\r\n      visibility: hidden;\r\n    }\r\n    .as-panels .as-panel .text-block h3 {\r\n      font-size: 20px;\r\n      font-weight: 700;\r\n    }\r\n    .as-panels:hover .as-panel:hover {\r\n      -ms-flex-negative: 0;\r\n          flex-shrink: 0;\r\n          \/*cursor: move;*\/\r\n      width: 100%;\r\n    }\r\n\r\n    .as-panels .as-panel .text-block {\r\n      bottom: 60px;\r\n    }\r\n    \r\n    .as-panels:hover .as-panel:hover .text-block {\r\n      -webkit-transition-property: all;\r\n      transition-property: all;\r\n      -webkit-transition-duration: 0.2s;\r\n              transition-duration: 0.2s;\r\n      -webkit-transition-timing-function: linear;\r\n              transition-timing-function: linear;\r\n      -webkit-transition-delay: 0.5s;\r\n              transition-delay: 0.5s;\r\n      bottom: 30px;\r\n      opacity: 1;\r\n      visibility: visible;\r\n    }\r\n\r\n    \r\n<\/style>\r\n\r\n<div id=\"my-accordion-159\" class=\"accordion-slider accordion-slider-159\" style=\"margin-bottom: 100px;\">\r\n        <div class=\"as-panels\">\r\n                                  \r\n                        <div class=\"as-panel\">\r\n                            <img decoding=\"async\" class=\"as-background\" src=\"https:\/\/altes-verwalterhaus.de\/wp-content\/uploads\/2021\/06\/sommerkueche_k-1600x900.jpg\"\/>\r\n\r\n\r\n                         \r\n\r\n\r\n                        <\/div>\r\n                                     \r\n                        <div class=\"as-panel\">\r\n                            <img decoding=\"async\" class=\"as-background\" src=\"https:\/\/altes-verwalterhaus.de\/wp-content\/uploads\/2020\/07\/hwr2.jpg\"\/>\r\n\r\n\r\n                         \r\n\r\n\r\n                        <\/div>\r\n                                     \r\n                        <div class=\"as-panel\">\r\n                            <img decoding=\"async\" class=\"as-background\" src=\"https:\/\/altes-verwalterhaus.de\/wp-content\/uploads\/2020\/07\/hwr1.jpg\"\/>\r\n\r\n\r\n                         \r\n\r\n\r\n                        <\/div>\r\n                                     \r\n                        <div class=\"as-panel\">\r\n                            <img decoding=\"async\" class=\"as-background\" src=\"https:\/\/altes-verwalterhaus.de\/wp-content\/uploads\/2020\/07\/bad-1.jpg\"\/>\r\n\r\n\r\n                         \r\n\r\n\r\n                        <\/div>\r\n                                     \r\n        <\/div>\r\n        <div class=\"wpaas-conf-159\" style=\"display: none;\">{&quot;visible_images&quot;:&quot;4&quot;,&quot;width&quot;:&quot;1000px&quot;,&quot;height&quot;:&quot;400px&quot;,&quot;orientation&quot;:&quot;horizontal&quot;,&quot;image_distance&quot;:&quot;1&quot;,&quot;max_opened_image_size&quot;:&quot;80%&quot;,&quot;open_image_on&quot;:&quot;hover&quot;,&quot;shadow&quot;:&quot;true&quot;,&quot;autoplay&quot;:&quot;true&quot;,&quot;mouse_wheel&quot;:&quot;true&quot;,&quot;close_panel_on_mouse_out&quot;:&quot;true&quot;,&quot;autoplay_direction&quot;:&quot;normal&quot;,&quot;autoplay_delay&quot;:&quot;2000&quot;}<\/div>\r\n    <\/div>\r\n\r\n\r\n<script type=\"text\/javascript\">\r\n    jQuery(document).ready(function($) {\r\n        $( '.accordion-slider-159' ).each(function( index ) { \r\n            var slider_id   = $(this).attr('id');  \r\n            var slider_conf = $.parseJSON( $(this).closest('#my-accordion-159').find('.wpaas-conf-159').text());\r\n                \r\n            if( typeof(slider_id) != 'undefined' && slider_id != '' ) { \r\n                $('#my-accordion-159').WPaccordionSlider({\r\n                width:parseInt(slider_conf.width), \r\n                height: parseInt(slider_conf.height),\r\n                responsiveMode: 'custom',\r\n                orientation: slider_conf.orientation,\r\n               \/* openedPanelSize: '40%',*\/\r\n                maxOpenedPanelSize: slider_conf.max_opened_image_size,\r\n                openPanelOn: slider_conf.open_image_on,\r\n                visiblePanels: parseInt(slider_conf.visible_images),\r\n                autoplayDirection: slider_conf.autoplay_direction,\r\n                autoplayDelay: parseInt(slider_conf.autoplay_delay),\r\n                startPanel: -1,\r\n                \/*\r\n                startPanel: -1, \/\/start setting\r\n                --closePanelsOnMouseOut: true, \r\n                mouseDelay: 500, \r\n                openPanelDuration: 2000,\r\n                closePanelDuration: 1000,\r\n                --autoplayDelay: 3000,\r\n                --autoplayDirection:'backwards',\r\n                autoplayOnHover:'pause',\r\n                --keyboard: true,\r\n                *\/\r\n\r\n                panelDistance: parseInt(slider_conf.image_distance),\r\n                shadow     : (slider_conf.shadow)      == \"true\"           ? true          : false,\r\n                autoplay   : (slider_conf.autoplay)    == \"true\"           ? true          : false,\r\n                mouseWheel : (slider_conf.mouse_wheel) == \"true\"           ? true          : false,    \r\n                closePanelsOnMouseOut : (slider_conf.close_panel_on_mouse_out) == \"true\"           ? true          : false,    \r\n                   \r\n                breakpoints: {\r\n                    960: {visiblePanels: (parseInt(slider_conf.visible_images) > 5) ? 5 : parseInt(slider_conf.visible_images)},\r\n                    800: {visiblePanels: (parseInt(slider_conf.visible_images) > 3) ? 3 : parseInt(slider_conf.visible_images)},\r\n                    650: {visiblePanels: 3},\r\n                    500: {visiblePanels: 3}\r\n                }\r\n             });\r\n            }\r\n        });\r\n    });\r\n<\/script>\n","protected":false},"excerpt":{"rendered":"<p>24 Stunden Zugang zu: Sommerk\u00fcche, Bad, Absp\u00fclbereich, K\u00fchlschrankfach, Waschmaschine (kleine Geb\u00fchr), Trockner (kleine Geb\u00fchr), kostenloser Parkplatz auf dem Grundst\u00fcck (1 PKW), kostenloser Parkplatz auf der Stra\u00dfe (1 PKW), Grill, Kinderb\u00fccher und Spielzeug, Hochstuhl (auf Anfrage), Feuerl\u00f6scher, B\u00fccher und Landkarten, Getr\u00e4nke (gegen kleinen Obolus). Wir meinen: F\u00fcr einen individuellen Platz ohne viele Leute und daf\u00fcr mit <a class=\"read-more\" href=\"https:\/\/altes-verwalterhaus.de\/?accordion_slider=equipment\">READ MORE<\/a><\/p>\n","protected":false},"author":1,"featured_media":0,"parent":0,"menu_order":2,"comment_status":"closed","ping_status":"closed","template":"","meta":{"footnotes":""},"class_list":["post-24","page","type-page","status-publish","hentry"],"_links":{"self":[{"href":"https:\/\/altes-verwalterhaus.de\/index.php?rest_route=\/wp\/v2\/pages\/24","targetHints":{"allow":["GET"]}}],"collection":[{"href":"https:\/\/altes-verwalterhaus.de\/index.php?rest_route=\/wp\/v2\/pages"}],"about":[{"href":"https:\/\/altes-verwalterhaus.de\/index.php?rest_route=\/wp\/v2\/types\/page"}],"author":[{"embeddable":true,"href":"https:\/\/altes-verwalterhaus.de\/index.php?rest_route=\/wp\/v2\/users\/1"}],"replies":[{"embeddable":true,"href":"https:\/\/altes-verwalterhaus.de\/index.php?rest_route=%2Fwp%2Fv2%2Fcomments&post=24"}],"version-history":[{"count":17,"href":"https:\/\/altes-verwalterhaus.de\/index.php?rest_route=\/wp\/v2\/pages\/24\/revisions"}],"predecessor-version":[{"id":302,"href":"https:\/\/altes-verwalterhaus.de\/index.php?rest_route=\/wp\/v2\/pages\/24\/revisions\/302"}],"wp:attachment":[{"href":"https:\/\/altes-verwalterhaus.de\/index.php?rest_route=%2Fwp%2Fv2%2Fmedia&parent=24"}],"curies":[{"name":"wp","href":"https:\/\/api.w.org\/{rel}","templated":true}]}}