{"id":2,"date":"2020-07-24T15:56:58","date_gmt":"2020-07-24T15:56:58","guid":{"rendered":"http:\/\/altes-verwalterhaus.de\/?page_id=2"},"modified":"2023-06-10T10:32:04","modified_gmt":"2023-06-10T10:32:04","slug":"sample-page","status":"publish","type":"page","link":"https:\/\/altes-verwalterhaus.de\/?page_id=2","title":{"rendered":"Das Grundst\u00fcck"},"content":{"rendered":"\n<p>Das &#8222;Alte Verwalterhaus&#8220; liegt auf einem d\u00f6rflichen Privatgrundst\u00fcck. Erwarte freundliche Menschen, einen gro\u00dfen freundlichen Hund, eine Katze und zwei Hasen. Erwarte Natur und &#8222;Outdoor&#8220; Erfahrung. Bitte &#8211; erwarte keine perfekte Ausstattung oder perfekte Ordnung \ud83d\ude09<br>Der Garten hat einen relativ geraden Grasboden, alte Apfelb\u00e4ume, f\u00fcr Menschen mit Gehbehinderung nicht ganz so gut geeignet, weil es auf dem Weg zum Platz holprig zugeht. F\u00fcr Rollst\u00fchle leider ungeeignet.<br><\/p>\n\n\n\n<p>Ihr habt eine Feuerstelle und kostenlos Feuerholz. Dazu einen Unterstand mit Sitzm\u00f6glichkeit oder die Sommerk\u00fcche falls es mal regnet oder kalt ist<\/p>\n\n\n\n<figure class=\"wp-block-gallery has-nested-images columns-3 is-cropped wp-block-gallery-1 is-layout-flex wp-block-gallery-is-layout-flex\">\n<figure class=\"wp-block-image size-large\"><img loading=\"lazy\" decoding=\"async\" width=\"769\" height=\"1024\" data-id=\"239\" src=\"https:\/\/altes-verwalterhaus.de\/wp-content\/uploads\/2023\/06\/IMG_3895_k-769x1024.jpg\" alt=\"\" class=\"wp-image-239\" srcset=\"https:\/\/altes-verwalterhaus.de\/wp-content\/uploads\/2023\/06\/IMG_3895_k-769x1024.jpg 769w, https:\/\/altes-verwalterhaus.de\/wp-content\/uploads\/2023\/06\/IMG_3895_k-225x300.jpg 225w, https:\/\/altes-verwalterhaus.de\/wp-content\/uploads\/2023\/06\/IMG_3895_k-768x1023.jpg 768w, https:\/\/altes-verwalterhaus.de\/wp-content\/uploads\/2023\/06\/IMG_3895_k.jpg 901w\" sizes=\"auto, (max-width: 769px) 100vw, 769px\" \/><figcaption class=\"wp-element-caption\">Zeltwiese<\/figcaption><\/figure>\n\n\n\n<figure class=\"wp-block-image size-large\"><img loading=\"lazy\" decoding=\"async\" width=\"1024\" height=\"768\" data-id=\"179\" src=\"https:\/\/altes-verwalterhaus.de\/wp-content\/uploads\/2021\/10\/IMG_20210918_154455_k-1024x768.jpg\" alt=\"\" class=\"wp-image-179\" srcset=\"https:\/\/altes-verwalterhaus.de\/wp-content\/uploads\/2021\/10\/IMG_20210918_154455_k-1024x768.jpg 1024w, https:\/\/altes-verwalterhaus.de\/wp-content\/uploads\/2021\/10\/IMG_20210918_154455_k-300x225.jpg 300w, https:\/\/altes-verwalterhaus.de\/wp-content\/uploads\/2021\/10\/IMG_20210918_154455_k-768x576.jpg 768w, https:\/\/altes-verwalterhaus.de\/wp-content\/uploads\/2021\/10\/IMG_20210918_154455_k.jpg 1200w\" sizes=\"auto, (max-width: 1024px) 100vw, 1024px\" \/><figcaption class=\"wp-element-caption\">Forstwagen<\/figcaption><\/figure>\n\n\n\n<figure class=\"wp-block-image size-large\"><img loading=\"lazy\" decoding=\"async\" width=\"1024\" height=\"683\" data-id=\"175\" src=\"https:\/\/altes-verwalterhaus.de\/wp-content\/uploads\/2021\/07\/sunflower-1024x683.jpg\" alt=\"\" class=\"wp-image-175\" srcset=\"https:\/\/altes-verwalterhaus.de\/wp-content\/uploads\/2021\/07\/sunflower-1024x683.jpg 1024w, https:\/\/altes-verwalterhaus.de\/wp-content\/uploads\/2021\/07\/sunflower-300x200.jpg 300w, https:\/\/altes-verwalterhaus.de\/wp-content\/uploads\/2021\/07\/sunflower-768x512.jpg 768w, https:\/\/altes-verwalterhaus.de\/wp-content\/uploads\/2021\/07\/sunflower-1536x1024.jpg 1536w, https:\/\/altes-verwalterhaus.de\/wp-content\/uploads\/2021\/07\/sunflower-2048x1365.jpg 2048w\" sizes=\"auto, (max-width: 1024px) 100vw, 1024px\" \/><figcaption class=\"wp-element-caption\">Blick auf den Campingplatz<\/figcaption><\/figure>\n\n\n\n<figure class=\"wp-block-image size-large\"><img loading=\"lazy\" decoding=\"async\" width=\"1024\" height=\"901\" data-id=\"257\" src=\"https:\/\/altes-verwalterhaus.de\/wp-content\/uploads\/2023\/06\/feuerstelle_2-1024x901.jpg\" alt=\"\" class=\"wp-image-257\" srcset=\"https:\/\/altes-verwalterhaus.de\/wp-content\/uploads\/2023\/06\/feuerstelle_2-1024x901.jpg 1024w, https:\/\/altes-verwalterhaus.de\/wp-content\/uploads\/2023\/06\/feuerstelle_2-300x264.jpg 300w, https:\/\/altes-verwalterhaus.de\/wp-content\/uploads\/2023\/06\/feuerstelle_2-768x676.jpg 768w, https:\/\/altes-verwalterhaus.de\/wp-content\/uploads\/2023\/06\/feuerstelle_2.jpg 1200w\" sizes=\"auto, (max-width: 1024px) 100vw, 1024px\" \/><figcaption class=\"wp-element-caption\">Feuerstelle<\/figcaption><\/figure>\n\n\n\n<figure class=\"wp-block-image size-large\"><img loading=\"lazy\" decoding=\"async\" width=\"894\" height=\"597\" data-id=\"259\" src=\"https:\/\/altes-verwalterhaus.de\/wp-content\/uploads\/2023\/06\/feuerstelle.jpg\" alt=\"\" class=\"wp-image-259\" srcset=\"https:\/\/altes-verwalterhaus.de\/wp-content\/uploads\/2023\/06\/feuerstelle.jpg 894w, https:\/\/altes-verwalterhaus.de\/wp-content\/uploads\/2023\/06\/feuerstelle-300x200.jpg 300w, https:\/\/altes-verwalterhaus.de\/wp-content\/uploads\/2023\/06\/feuerstelle-768x513.jpg 768w\" sizes=\"auto, (max-width: 894px) 100vw, 894px\" \/><figcaption class=\"wp-element-caption\">Pavillon<\/figcaption><\/figure>\n<\/figure>\n\n\n\n<p>Es ist sehr ruhig hier, nur morgens gibt es kurze Zeit Ger\u00e4usche vom Hof des Wegebetriebs (Reparatur und Pflege von Wegen und B\u00f6schungen). Wenn die Jungs los sind, ist meist wieder Ruhe. In der Erntezeit kann es nachts Ger\u00e4usche von M\u00e4hdreschern geben.<br>Hund und Katze bewegen sich zeitweise frei auf dem Grundst\u00fcck, werden aber nat\u00fcrlich erstmal den G\u00e4sten vorgestellt, und freuen sich \u00fcber den Besuch mit uns \ud83d\ude09 .<\/p>\n\n\n\n<div style=\"height:45px\" aria-hidden=\"true\" class=\"wp-block-spacer\"><\/div>\n\n\n<style type=\"text\/css\">\r\n\r\n    .as-panels .as-panel .text-block {\r\n      position: absolute;\r\n      left: 30px;\r\n      bottom: 30px;\r\n      max-width: 400px;\r\n      padding: 20px;\r\n      border-radius: 5px;\r\n      background-color: rgba(0, 0, 0, 0.6);\r\n      color: #fff;\r\n      z-index: 4;\r\n      visibility: hidden;\r\n    }\r\n    .as-panels .as-panel .text-block h3 {\r\n      font-size: 20px;\r\n      font-weight: 700;\r\n    }\r\n    .as-panels:hover .as-panel:hover {\r\n      -ms-flex-negative: 0;\r\n          flex-shrink: 0;\r\n          \/*cursor: move;*\/\r\n      width: 100%;\r\n    }\r\n\r\n    .as-panels .as-panel .text-block {\r\n      bottom: 60px;\r\n    }\r\n    \r\n    .as-panels:hover .as-panel:hover .text-block {\r\n      -webkit-transition-property: all;\r\n      transition-property: all;\r\n      -webkit-transition-duration: 0.2s;\r\n              transition-duration: 0.2s;\r\n      -webkit-transition-timing-function: linear;\r\n              transition-timing-function: linear;\r\n      -webkit-transition-delay: 0.5s;\r\n              transition-delay: 0.5s;\r\n      bottom: 30px;\r\n      opacity: 1;\r\n      visibility: visible;\r\n    }\r\n\r\n    \r\n<\/style>\r\n\r\n<div id=\"my-accordion-138\" class=\"accordion-slider accordion-slider-138\" style=\"margin-bottom: 100px;\">\r\n        <div class=\"as-panels\">\r\n                                  \r\n                        <div class=\"as-panel\">\r\n                            <img decoding=\"async\" class=\"as-background\" src=\"https:\/\/altes-verwalterhaus.de\/wp-content\/uploads\/2021\/07\/garden-1600x900.jpg\"\/>\r\n\r\n\r\n                         \r\n\r\n\r\n                        <\/div>\r\n                                     \r\n                        <div class=\"as-panel\">\r\n                            <img decoding=\"async\" class=\"as-background\" src=\"https:\/\/altes-verwalterhaus.de\/wp-content\/uploads\/2021\/07\/sunflower-1600x900.jpg\"\/>\r\n\r\n\r\n                         \r\n\r\n\r\n                        <\/div>\r\n                                     \r\n                        <div class=\"as-panel\">\r\n                            <img decoding=\"async\" class=\"as-background\" src=\"https:\/\/altes-verwalterhaus.de\/wp-content\/uploads\/2020\/07\/fire.jpg\"\/>\r\n\r\n\r\n                         \r\n\r\n\r\n                        <\/div>\r\n                                     \r\n                        <div class=\"as-panel\">\r\n                            <img decoding=\"async\" class=\"as-background\" src=\"https:\/\/altes-verwalterhaus.de\/wp-content\/uploads\/2020\/12\/eingang.jpg\"\/>\r\n\r\n\r\n                         \r\n\r\n\r\n                        <\/div>\r\n                                     \r\n                        <div class=\"as-panel\">\r\n                            <img decoding=\"async\" class=\"as-background\" src=\"https:\/\/altes-verwalterhaus.de\/wp-content\/uploads\/2021\/06\/sommerkueche_k-1600x900.jpg\"\/>\r\n\r\n\r\n                                                  <div class=\"text-block\">\r\n                                                            <h3 style=\"\r\n                                font-size: 18px;\r\n                                font-family: Arial;\r\n                                color: #ffffff;\r\n                                background-color: ;\r\n                                    margin: 8px 0;\r\n                                    text-align: justify;\r\n                                \">Sommerk\u00fcche<\/h3>\r\n                                                        <div class=\"text\">\r\n                                                              <p style=\"\r\n                                font-size: 14px;\r\n                                font-family: Arial;\r\n                                              color: #ffffff;\r\n                                              background-color: ;\r\n                                                  margin: 0 0 8px 0;\r\n                                                  text-align: justify;\r\n                                \"><\/p>\r\n                                                          <\/div>\r\n                          <\/div>\r\n                         \r\n\r\n\r\n                        <\/div>\r\n                                     \r\n                        <div class=\"as-panel\">\r\n                            <img decoding=\"async\" class=\"as-background\" src=\"https:\/\/altes-verwalterhaus.de\/wp-content\/uploads\/2021\/06\/herbst_am_see.jpg\"\/>\r\n\r\n\r\n                         \r\n\r\n\r\n                        <\/div>\r\n                                     \r\n                        <div class=\"as-panel\">\r\n                            <img decoding=\"async\" class=\"as-background\" src=\"https:\/\/altes-verwalterhaus.de\/wp-content\/uploads\/2020\/07\/dog.jpg\"\/>\r\n\r\n\r\n                         \r\n\r\n\r\n                        <\/div>\r\n                                     \r\n                        <div class=\"as-panel\">\r\n                            <img decoding=\"async\" class=\"as-background\" src=\"https:\/\/altes-verwalterhaus.de\/wp-content\/uploads\/2020\/12\/adler.jpg\"\/>\r\n\r\n\r\n                         \r\n\r\n\r\n                        <\/div>\r\n                                     \r\n                        <div class=\"as-panel\">\r\n                            <img decoding=\"async\" class=\"as-background\" src=\"https:\/\/altes-verwalterhaus.de\/wp-content\/uploads\/2020\/12\/storch.jpg\"\/>\r\n\r\n\r\n                         \r\n\r\n\r\n                        <\/div>\r\n                                     \r\n        <\/div>\r\n        <div class=\"wpaas-conf-138\" style=\"display: none;\">{&quot;visible_images&quot;:&quot;3&quot;,&quot;width&quot;:&quot;1000px&quot;,&quot;height&quot;:&quot;400px&quot;,&quot;orientation&quot;:&quot;horizontal&quot;,&quot;image_distance&quot;:&quot;1&quot;,&quot;max_opened_image_size&quot;:&quot;80%&quot;,&quot;open_image_on&quot;:&quot;hover&quot;,&quot;shadow&quot;:&quot;true&quot;,&quot;autoplay&quot;:&quot;true&quot;,&quot;mouse_wheel&quot;:&quot;true&quot;,&quot;close_panel_on_mouse_out&quot;:&quot;true&quot;,&quot;autoplay_direction&quot;:&quot;normal&quot;,&quot;autoplay_delay&quot;:&quot;2000&quot;}<\/div>\r\n    <\/div>\r\n\r\n\r\n<script type=\"text\/javascript\">\r\n    jQuery(document).ready(function($) {\r\n        $( '.accordion-slider-138' ).each(function( index ) { \r\n            var slider_id   = $(this).attr('id');  \r\n            var slider_conf = $.parseJSON( $(this).closest('#my-accordion-138').find('.wpaas-conf-138').text());\r\n                \r\n            if( typeof(slider_id) != 'undefined' && slider_id != '' ) { \r\n                $('#my-accordion-138').WPaccordionSlider({\r\n                width:parseInt(slider_conf.width), \r\n                height: parseInt(slider_conf.height),\r\n                responsiveMode: 'custom',\r\n                orientation: slider_conf.orientation,\r\n               \/* openedPanelSize: '40%',*\/\r\n                maxOpenedPanelSize: slider_conf.max_opened_image_size,\r\n                openPanelOn: slider_conf.open_image_on,\r\n                visiblePanels: parseInt(slider_conf.visible_images),\r\n                autoplayDirection: slider_conf.autoplay_direction,\r\n                autoplayDelay: parseInt(slider_conf.autoplay_delay),\r\n                startPanel: -1,\r\n                \/*\r\n                startPanel: -1, \/\/start setting\r\n                --closePanelsOnMouseOut: true, \r\n                mouseDelay: 500, \r\n                openPanelDuration: 2000,\r\n                closePanelDuration: 1000,\r\n                --autoplayDelay: 3000,\r\n                --autoplayDirection:'backwards',\r\n                autoplayOnHover:'pause',\r\n                --keyboard: true,\r\n                *\/\r\n\r\n                panelDistance: parseInt(slider_conf.image_distance),\r\n                shadow     : (slider_conf.shadow)      == \"true\"           ? true          : false,\r\n                autoplay   : (slider_conf.autoplay)    == \"true\"           ? true          : false,\r\n                mouseWheel : (slider_conf.mouse_wheel) == \"true\"           ? true          : false,    \r\n                closePanelsOnMouseOut : (slider_conf.close_panel_on_mouse_out) == \"true\"           ? true          : false,    \r\n                   \r\n                breakpoints: {\r\n                    960: {visiblePanels: (parseInt(slider_conf.visible_images) > 5) ? 5 : parseInt(slider_conf.visible_images)},\r\n                    800: {visiblePanels: (parseInt(slider_conf.visible_images) > 3) ? 3 : parseInt(slider_conf.visible_images)},\r\n                    650: {visiblePanels: 3},\r\n                    500: {visiblePanels: 3}\r\n                }\r\n             });\r\n            }\r\n        });\r\n    });\r\n<\/script>\n\n\n\n<p>Bei uns sagen sich Fuchs und Hase gute Nacht. Hier der Beweis (Foto im Nachbardorf. Der Jungfuchs erschrickt vor dem Hasen und l\u00e4uft davon):<\/p>\n\n\n<div class=\"wp-block-image\">\n<figure class=\"aligncenter size-large is-resized\"><img loading=\"lazy\" decoding=\"async\" src=\"https:\/\/altes-verwalterhaus.de\/wp-content\/uploads\/2020\/12\/fuchs_und_hase-1024x683.jpg\" alt=\"\" class=\"wp-image-126\" width=\"458\" height=\"306\" srcset=\"https:\/\/altes-verwalterhaus.de\/wp-content\/uploads\/2020\/12\/fuchs_und_hase-1024x683.jpg 1024w, https:\/\/altes-verwalterhaus.de\/wp-content\/uploads\/2020\/12\/fuchs_und_hase-300x200.jpg 300w, https:\/\/altes-verwalterhaus.de\/wp-content\/uploads\/2020\/12\/fuchs_und_hase-768x512.jpg 768w, https:\/\/altes-verwalterhaus.de\/wp-content\/uploads\/2020\/12\/fuchs_und_hase.jpg 1052w\" sizes=\"auto, (max-width: 458px) 100vw, 458px\" \/><\/figure>\n<\/div>\n\n\n<p> <\/p>\n","protected":false},"excerpt":{"rendered":"<p>Das &#8222;Alte Verwalterhaus&#8220; liegt auf einem d\u00f6rflichen Privatgrundst\u00fcck. Erwarte freundliche Menschen, einen gro\u00dfen freundlichen Hund, eine Katze und zwei Hasen. Erwarte Natur und &#8222;Outdoor&#8220; Erfahrung. Bitte &#8211; erwarte keine perfekte Ausstattung oder perfekte Ordnung \ud83d\ude09Der Garten hat einen relativ geraden Grasboden, alte Apfelb\u00e4ume, f\u00fcr Menschen mit Gehbehinderung nicht ganz so gut geeignet, weil es auf <a class=\"read-more\" href=\"https:\/\/altes-verwalterhaus.de\/?accordion_slider=das-grundstueck\">READ MORE<\/a><\/p>\n","protected":false},"author":1,"featured_media":22,"parent":0,"menu_order":1,"comment_status":"closed","ping_status":"open","template":"","meta":{"footnotes":""},"class_list":["post-2","page","type-page","status-publish","has-post-thumbnail","hentry"],"_links":{"self":[{"href":"https:\/\/altes-verwalterhaus.de\/index.php?rest_route=\/wp\/v2\/pages\/2","targetHints":{"allow":["GET"]}}],"collection":[{"href":"https:\/\/altes-verwalterhaus.de\/index.php?rest_route=\/wp\/v2\/pages"}],"about":[{"href":"https:\/\/altes-verwalterhaus.de\/index.php?rest_route=\/wp\/v2\/types\/page"}],"author":[{"embeddable":true,"href":"https:\/\/altes-verwalterhaus.de\/index.php?rest_route=\/wp\/v2\/users\/1"}],"replies":[{"embeddable":true,"href":"https:\/\/altes-verwalterhaus.de\/index.php?rest_route=%2Fwp%2Fv2%2Fcomments&post=2"}],"version-history":[{"count":13,"href":"https:\/\/altes-verwalterhaus.de\/index.php?rest_route=\/wp\/v2\/pages\/2\/revisions"}],"predecessor-version":[{"id":261,"href":"https:\/\/altes-verwalterhaus.de\/index.php?rest_route=\/wp\/v2\/pages\/2\/revisions\/261"}],"wp:featuredmedia":[{"embeddable":true,"href":"https:\/\/altes-verwalterhaus.de\/index.php?rest_route=\/wp\/v2\/media\/22"}],"wp:attachment":[{"href":"https:\/\/altes-verwalterhaus.de\/index.php?rest_route=%2Fwp%2Fv2%2Fmedia&parent=2"}],"curies":[{"name":"wp","href":"https:\/\/api.w.org\/{rel}","templated":true}]}}